{"id":2714,"date":"2024-04-21T20:45:47","date_gmt":"2024-04-21T19:45:47","guid":{"rendered":"https:\/\/www.ryszardbazarnik.pl\/?page_id=2714"},"modified":"2024-04-22T16:12:07","modified_gmt":"2024-04-22T15:12:07","slug":"projekty-niewiarygodne","status":"publish","type":"page","link":"https:\/\/www.ryszardbazarnik.pl\/index.php\/projekty-niewiarygodne\/","title":{"rendered":"Projekty niewiarygodne"},"content":{"rendered":"\t\t<div data-elementor-type=\"wp-page\" data-elementor-id=\"2714\" class=\"elementor elementor-2714\" data-elementor-post-type=\"page\">\n\t\t\t\t\t\t<section class=\"elementor-section elementor-top-section elementor-element elementor-element-fd4db7b elementor-section-boxed elementor-section-height-default elementor-section-height-default\" data-id=\"fd4db7b\" data-element_type=\"section\">\n\t\t\t\t\t\t<div class=\"elementor-container elementor-column-gap-default\">\n\t\t\t\t\t<div class=\"elementor-column elementor-col-33 elementor-top-column elementor-element elementor-element-dba33bb\" data-id=\"dba33bb\" data-element_type=\"column\">\n\t\t\t<div class=\"elementor-widget-wrap elementor-element-populated\">\n\t\t\t\t\t\t<div class=\"elementor-element elementor-element-c2bc6a2 elementor-widget elementor-widget-heading\" data-id=\"c2bc6a2\" data-element_type=\"widget\" data-widget_type=\"heading.default\">\n\t\t\t\t<div class=\"elementor-widget-container\">\n\t\t\t<style>\/*! elementor - v3.20.0 - 26-03-2024 *\/\n.elementor-heading-title{padding:0;margin:0;line-height:1}.elementor-widget-heading .elementor-heading-title[class*=elementor-size-]>a{color:inherit;font-size:inherit;line-height:inherit}.elementor-widget-heading .elementor-heading-title.elementor-size-small{font-size:15px}.elementor-widget-heading .elementor-heading-title.elementor-size-medium{font-size:19px}.elementor-widget-heading .elementor-heading-title.elementor-size-large{font-size:29px}.elementor-widget-heading .elementor-heading-title.elementor-size-xl{font-size:39px}.elementor-widget-heading .elementor-heading-title.elementor-size-xxl{font-size:59px}<\/style><h3 class=\"elementor-heading-title elementor-size-default\"><a href=\"https:\/\/www.ryszardbazarnik.pl\/index.php\/najwiekszy-beben-swiata\/\">najwi\u0119kszy b\u0119ben \u015bwiata<\/a><\/h3>\t\t<\/div>\n\t\t\t\t<\/div>\n\t\t\t\t<div class=\"elementor-element elementor-element-b094e58 elementor-widget elementor-widget-image\" data-id=\"b094e58\" data-element_type=\"widget\" data-widget_type=\"image.default\">\n\t\t\t\t<div class=\"elementor-widget-container\">\n\t\t\t<style>\/*! elementor - v3.20.0 - 26-03-2024 *\/\n.elementor-widget-image{text-align:center}.elementor-widget-image a{display:inline-block}.elementor-widget-image a img[src$=\".svg\"]{width:48px}.elementor-widget-image img{vertical-align:middle;display:inline-block}<\/style>\t\t\t\t\t\t\t\t\t\t\t<a href=\"https:\/\/www.ryszardbazarnik.pl\/index.php\/najwiekszy-beben-swiata\/\">\n\t\t\t\t\t\t\t<img fetchpriority=\"high\" decoding=\"async\" width=\"1024\" height=\"575\" src=\"https:\/\/www.ryszardbazarnik.pl\/wp-content\/uploads\/2024\/04\/bicie-rekordu-Guinnessa-4--1024x575.jpg\" class=\"attachment-large size-large wp-image-2737\" alt=\"\" srcset=\"https:\/\/www.ryszardbazarnik.pl\/wp-content\/uploads\/2024\/04\/bicie-rekordu-Guinnessa-4--1024x575.jpg 1024w, https:\/\/www.ryszardbazarnik.pl\/wp-content\/uploads\/2024\/04\/bicie-rekordu-Guinnessa-4--300x169.jpg 300w, https:\/\/www.ryszardbazarnik.pl\/wp-content\/uploads\/2024\/04\/bicie-rekordu-Guinnessa-4--768x431.jpg 768w, https:\/\/www.ryszardbazarnik.pl\/wp-content\/uploads\/2024\/04\/bicie-rekordu-Guinnessa-4-.jpg 1280w\" sizes=\"(max-width: 1024px) 100vw, 1024px\" \/>\t\t\t\t\t\t\t\t<\/a>\n\t\t\t\t\t\t\t\t\t\t\t\t\t<\/div>\n\t\t\t\t<\/div>\n\t\t\t\t\t<\/div>\n\t\t<\/div>\n\t\t\t\t<div class=\"elementor-column elementor-col-33 elementor-top-column elementor-element elementor-element-71566b5\" data-id=\"71566b5\" data-element_type=\"column\">\n\t\t\t<div class=\"elementor-widget-wrap elementor-element-populated\">\n\t\t\t\t\t\t<div class=\"elementor-element elementor-element-18bdd33 elementor-widget elementor-widget-heading\" data-id=\"18bdd33\" data-element_type=\"widget\" data-widget_type=\"heading.default\">\n\t\t\t\t<div class=\"elementor-widget-container\">\n\t\t\t<h3 class=\"elementor-heading-title elementor-size-default\"><a href=\"https:\/\/www.ryszardbazarnik.pl\/index.php\/koncert\/\">koncert na \u015bcianie<\/a><\/h3>\t\t<\/div>\n\t\t\t\t<\/div>\n\t\t\t\t<div class=\"elementor-element elementor-element-20e1389 elementor-widget elementor-widget-image\" data-id=\"20e1389\" data-element_type=\"widget\" data-widget_type=\"image.default\">\n\t\t\t\t<div class=\"elementor-widget-container\">\n\t\t\t\t\t\t\t\t\t\t\t\t\t\t<a href=\"https:\/\/www.ryszardbazarnik.pl\/index.php\/koncert\/\">\n\t\t\t\t\t\t\t<img decoding=\"async\" width=\"1024\" height=\"575\" src=\"https:\/\/www.ryszardbazarnik.pl\/wp-content\/uploads\/2024\/04\/koncert-na-szklanej-scianie-7-1024x575.jpg\" class=\"attachment-large size-large wp-image-2738\" alt=\"\" srcset=\"https:\/\/www.ryszardbazarnik.pl\/wp-content\/uploads\/2024\/04\/koncert-na-szklanej-scianie-7-1024x575.jpg 1024w, https:\/\/www.ryszardbazarnik.pl\/wp-content\/uploads\/2024\/04\/koncert-na-szklanej-scianie-7-300x169.jpg 300w, https:\/\/www.ryszardbazarnik.pl\/wp-content\/uploads\/2024\/04\/koncert-na-szklanej-scianie-7-768x431.jpg 768w, https:\/\/www.ryszardbazarnik.pl\/wp-content\/uploads\/2024\/04\/koncert-na-szklanej-scianie-7.jpg 1280w\" sizes=\"(max-width: 1024px) 100vw, 1024px\" \/>\t\t\t\t\t\t\t\t<\/a>\n\t\t\t\t\t\t\t\t\t\t\t\t\t<\/div>\n\t\t\t\t<\/div>\n\t\t\t\t\t<\/div>\n\t\t<\/div>\n\t\t\t\t<div class=\"elementor-column elementor-col-33 elementor-top-column elementor-element elementor-element-1e56dba\" data-id=\"1e56dba\" data-element_type=\"column\">\n\t\t\t<div class=\"elementor-widget-wrap elementor-element-populated\">\n\t\t\t\t\t\t<div class=\"elementor-element elementor-element-e0f2a8c elementor-widget elementor-widget-heading\" data-id=\"e0f2a8c\" data-element_type=\"widget\" data-widget_type=\"heading.default\">\n\t\t\t\t<div class=\"elementor-widget-container\">\n\t\t\t<h3 class=\"elementor-heading-title elementor-size-default\"><a href=\"https:\/\/www.ryszardbazarnik.pl\/index.php\/niezwykleinstrumenty\/\">niezwyk\u0142e instrumenty<\/a><\/h3>\t\t<\/div>\n\t\t\t\t<\/div>\n\t\t\t\t<div class=\"elementor-element elementor-element-c40a81a elementor-widget elementor-widget-image\" data-id=\"c40a81a\" data-element_type=\"widget\" data-widget_type=\"image.default\">\n\t\t\t\t<div class=\"elementor-widget-container\">\n\t\t\t\t\t\t\t\t\t\t\t\t\t\t<a href=\"https:\/\/www.ryszardbazarnik.pl\/index.php\/niezwykleinstrumenty\/\">\n\t\t\t\t\t\t\t<img decoding=\"async\" width=\"1024\" height=\"575\" src=\"https:\/\/www.ryszardbazarnik.pl\/wp-content\/uploads\/2024\/03\/LANDSCAPE_1280-1024x575.jpg\" class=\"attachment-large size-large wp-image-2486\" alt=\"\" srcset=\"https:\/\/www.ryszardbazarnik.pl\/wp-content\/uploads\/2024\/03\/LANDSCAPE_1280-1024x575.jpg 1024w, https:\/\/www.ryszardbazarnik.pl\/wp-content\/uploads\/2024\/03\/LANDSCAPE_1280-300x169.jpg 300w, https:\/\/www.ryszardbazarnik.pl\/wp-content\/uploads\/2024\/03\/LANDSCAPE_1280-768x431.jpg 768w, https:\/\/www.ryszardbazarnik.pl\/wp-content\/uploads\/2024\/03\/LANDSCAPE_1280.jpg 1280w\" sizes=\"(max-width: 1024px) 100vw, 1024px\" \/>\t\t\t\t\t\t\t\t<\/a>\n\t\t\t\t\t\t\t\t\t\t\t\t\t<\/div>\n\t\t\t\t<\/div>\n\t\t\t\t\t<\/div>\n\t\t<\/div>\n\t\t\t\t\t<\/div>\n\t\t<\/section>\n\t\t\t\t<\/div>\n\t\t","protected":false},"excerpt":{"rendered":"<p>najwi\u0119kszy b\u0119ben \u015bwiata koncert na \u015bcianie niezwyk\u0142e instrumenty<\/p>\n","protected":false},"author":1,"featured_media":0,"parent":0,"menu_order":0,"comment_status":"closed","ping_status":"closed","template":"","meta":{"site-sidebar-layout":"no-sidebar","site-content-layout":"page-builder","ast-site-content-layout":"full-width-container","site-content-style":"default","site-sidebar-style":"default","ast-global-header-display":"","ast-banner-title-visibility":"","ast-main-header-display":"","ast-hfb-above-header-display":"","ast-hfb-below-header-display":"","ast-hfb-mobile-header-display":"","site-post-title":"disabled","ast-breadcrumbs-content":"","ast-featured-img":"disabled","footer-sml-layout":"","theme-transparent-header-meta":"","adv-header-id-meta":"","stick-header-meta":"","header-above-stick-meta":"","header-main-stick-meta":"","header-below-stick-meta":"","astra-migrate-meta-layouts":"default","ast-page-background-enabled":"default","ast-page-background-meta":{"desktop":{"background-color":"","background-image":"","background-repeat":"repeat","background-position":"center center","background-size":"auto","background-attachment":"scroll","background-type":"","background-media":"","overlay-type":"","overlay-color":"","overlay-gradient":""},"tablet":{"background-color":"","background-image":"","background-repeat":"repeat","background-position":"center center","background-size":"auto","background-attachment":"scroll","background-type":"","background-media":"","overlay-type":"","overlay-color":"","overlay-gradient":""},"mobile":{"background-color":"","background-image":"","background-repeat":"repeat","background-position":"center center","background-size":"auto","background-attachment":"scroll","background-type":"","background-media":"","overlay-type":"","overlay-color":"","overlay-gradient":""}},"ast-content-background-meta":{"desktop":{"background-color":"var(--ast-global-color-5)","background-image":"","background-repeat":"repeat","background-position":"center center","background-size":"auto","background-attachment":"scroll","background-type":"","background-media":"","overlay-type":"","overlay-color":"","overlay-gradient":""},"tablet":{"background-color":"var(--ast-global-color-5)","background-image":"","background-repeat":"repeat","background-position":"center center","background-size":"auto","background-attachment":"scroll","background-type":"","background-media":"","overlay-type":"","overlay-color":"","overlay-gradient":""},"mobile":{"background-color":"var(--ast-global-color-5)","background-image":"","background-repeat":"repeat","background-position":"center center","background-size":"auto","background-attachment":"scroll","background-type":"","background-media":"","overlay-type":"","overlay-color":"","overlay-gradient":""}},"footnotes":""},"_links":{"self":[{"href":"https:\/\/www.ryszardbazarnik.pl\/index.php\/wp-json\/wp\/v2\/pages\/2714"}],"collection":[{"href":"https:\/\/www.ryszardbazarnik.pl\/index.php\/wp-json\/wp\/v2\/pages"}],"about":[{"href":"https:\/\/www.ryszardbazarnik.pl\/index.php\/wp-json\/wp\/v2\/types\/page"}],"author":[{"embeddable":true,"href":"https:\/\/www.ryszardbazarnik.pl\/index.php\/wp-json\/wp\/v2\/users\/1"}],"replies":[{"embeddable":true,"href":"https:\/\/www.ryszardbazarnik.pl\/index.php\/wp-json\/wp\/v2\/comments?post=2714"}],"version-history":[{"count":19,"href":"https:\/\/www.ryszardbazarnik.pl\/index.php\/wp-json\/wp\/v2\/pages\/2714\/revisions"}],"predecessor-version":[{"id":2750,"href":"https:\/\/www.ryszardbazarnik.pl\/index.php\/wp-json\/wp\/v2\/pages\/2714\/revisions\/2750"}],"wp:attachment":[{"href":"https:\/\/www.ryszardbazarnik.pl\/index.php\/wp-json\/wp\/v2\/media?parent=2714"}],"curies":[{"name":"wp","href":"https:\/\/api.w.org\/{rel}","templated":true}]}}